{"id":38,"date":"2023-08-14T10:46:52","date_gmt":"2023-08-14T10:46:52","guid":{"rendered":"http:\/\/pm-tremmel.de\/?page_id=38"},"modified":"2023-08-14T10:46:52","modified_gmt":"2023-08-14T10:46:52","slug":"druckarten","status":"publish","type":"page","link":"https:\/\/pm-tremmel.de\/index.php\/druckarten\/","title":{"rendered":"Druckarten"},"content":{"rendered":"\n<h2 class=\"wp-block-heading\">Unsere Druckarten:<\/h2>\n\n\n\n<p>&#8211; Flexdruck<br>&#8211; Flockdruck<br>&#8211; Sublimationsdruck<br>&#8211; Siebdruck-Transfer<\/p>\n\n\n\n<p>Preise erhalten Sie bei uns auf Anfrage. Senden Sie uns hierzu eine Mail \u00fcber unser Kontaktformular.<br>Um Ihre Anfrage schnellstm\u00f6gich bearbeiten zu k\u00f6nnen, ist es hilfreich gleich eine Ansicht des Motives, eine ungef\u00e4hre Druckgr\u00f6\u00dfe sowie St\u00fcckzahl anzugeben.<\/p>\n\n\n\n<h2 class=\"wp-block-heading\">Flockdruck, ab 1 St\u00fcck<\/h2>\n\n\n\n<p>Beim Flockdruck wird das Druckmotiv aus Folien geplottet und dann auf das Textil \u00fcbertragen.<br>Neben Baumwollgewebe kann auch Polyester-, Viskose- sowie Mischgewebe bedruckt werden.<br>Flockfolien erzeugen ein leicht por\u00f6ses Abbild, das sich wie Samt anf\u00fchlt und eher den Eindruck von Stoff erf\u00fcllt.<\/p>\n\n\n\n<p>Auch k\u00f6nnen schwarze und dunkle Textilien bedruckt werden.<\/p>\n\n\n\n<p>Vorlagen: Vektorgrafik (EPS, AI, PDF, CDR usw.)<\/p>\n\n\n\n<h2 class=\"wp-block-heading\">Flexdruck, ab 1 St\u00fcck<\/h2>\n\n\n\n<p>Beim Flexdruck wird das Druckmotiv aus Folien geplottet und dann auf das Textil \u00fcbertragen.<br>Neben Baumwollgewebe kann auch Polyester-, Nylon-, Viskose- sowie Mischgewebe bedruckt werden.<br>Flexfolien erzeugen auf dem bedruckten Material ein festes glattes Abbild, das dehnbar ist.<\/p>\n\n\n\n<p>Auch k\u00f6nnen schwarze und dunkle Textilien bedruckt werden.<\/p>\n\n\n\n<p>Vorlagen: Vektorgrafik (EPS, AI, PDF, CDR usw.)<\/p>\n\n\n\n<h2 class=\"wp-block-heading\">Sublimationsdruck, ab 1 St\u00fcck<\/h2>\n\n\n\n<p>Beim Sublimationsdruck geht die Farbe vom festen in den gasf\u00f6rmigen Zustand \u00fcber und verbindet sich mit der Spezialbeschichtung des Textils.<br>Dadurch ist das Druckbild nicht auf dem Textil sp\u00fcrbar. Es ist absolut kein Farbauftrag zu sp\u00fcren. Ein fotorealistisches<br>Erscheinungsbild rundet das Ereignis ab.<br>Die Sublimationsdrucke bleichen auch nach h\u00e4ufigem waschen nicht aus.<\/p>\n\n\n\n<p>F\u00fcr schwarze und dunkle Textilien ist der Sublimationsdruck nicht geeignet!<\/p>\n\n\n\n<p>F\u00fcr den Sublimationsdruck k\u00f6nnen nur Textilien oder Werbemittel bedruckt werden, die aus 100% Polyester bestehen oder eine Polyesterbeschichtung haben.<\/p>\n\n\n\n<p>Vorlagen: Bilddateien mindestens 300 dpi (JPG, JPEG, PNG, TIF, PDF usw.)<\/p>\n\n\n\n<h2 class=\"wp-block-heading\">Siebdruck-Transfer, ab 10 St\u00fcck<\/h2>\n\n\n\n<p>G\u00fcnstiges bedrucken bei hohen St\u00fcckzahlen<\/p>\n\n\n\n<p>Beim bedrucken h\u00f6herer St\u00fcckzahlen oder der Darstellung feiner Details hat sich der Siebdruck-Transfer durchgesetzt.<br>Eine spezielle Farbe und ein Klebergranulat werden auf ein beschichtetes Papier gedruckt und mit einer Transferpresse aufgebracht.<br>Selbst feine Details sind in diesem Verfahren darstellbar. Bedingt k\u00f6nnen auch Raster dargestellt werden. Auch bei Vielfarbigkeit der Motive macht dieses Druckverfahren Sinn.<\/p>\n\n\n\n<p>Ebenso k\u00f6nnen schwarze und dunkle Textilien bedruckt werden.<\/p>\n\n\n\n<p>Vorlagen: Vektorgrafik (EPS, AI, PDF, CDR usw.) und Bilddateien mindestens 300 dpi (JPG, JPEG, PNG, TIF, PDF usw.)<\/p>\n\n\n\n<h3 class=\"wp-block-heading\">Wir bedrucken nicht nur ausschlie\u00dflich unsere Textilen, sondern auch Ihre eigenen! Hierzu ist es wichtig, dass noch ein Etikett mit der Matierialangabe vorhanden ist.<\/h3>\n","protected":false},"excerpt":{"rendered":"<p>Unsere Druckarten: &#8211; Flexdruck&#8211; Flockdruck&#8211; Sublimationsdruck&#8211; Siebdruck-Transfer Preise erhalten Sie bei uns auf Anfrage. Senden Sie uns hierzu eine Mail \u00fcber unser Kontaktformular.Um Ihre Anfrage schnellstm\u00f6gich bearbeiten zu k\u00f6nnen, ist es hilfreich gleich eine Ansicht des Motives, eine ungef\u00e4hre Druckgr\u00f6\u00dfe sowie St\u00fcckzahl anzugeben. Flockdruck, ab 1 St\u00fcck Beim Flockdruck wird das Druckmotiv aus Folien geplottet [&hellip;]<\/p>\n","protected":false},"author":2,"featured_media":0,"parent":0,"menu_order":0,"comment_status":"closed","ping_status":"closed","template":"","meta":{"site-sidebar-layout":"default","site-content-layout":"","ast-site-content-layout":"","site-content-style":"default","site-sidebar-style":"default","ast-global-header-display":"","ast-banner-title-visibility":"","ast-main-header-display":"","ast-hfb-above-header-display":"","ast-hfb-below-header-display":"","ast-hfb-mobile-header-display":"","site-post-title":"","ast-breadcrumbs-content":"","ast-featured-img":"","footer-sml-layout":"","theme-transparent-header-meta":"","adv-header-id-meta":"","stick-header-meta":"","header-above-stick-meta":"","header-main-stick-meta":"","header-below-stick-meta":"","astra-migrate-meta-layouts":"default","ast-page-background-enabled":"default","ast-page-background-meta":{"desktop":{"background-color":"var(--ast-global-color-4)","background-image":"","background-repeat":"repeat","background-position":"center center","background-size":"auto","background-attachment":"scroll","background-type":"","background-media":"","overlay-type":"","overlay-color":"","overlay-opacity":"","overlay-gradient":""},"tablet":{"background-color":"","background-image":"","background-repeat":"repeat","background-position":"center center","background-size":"auto","background-attachment":"scroll","background-type":"","background-media":"","overlay-type":"","overlay-color":"","overlay-opacity":"","overlay-gradient":""},"mobile":{"background-color":"","background-image":"","background-repeat":"repeat","background-position":"center center","background-size":"auto","background-attachment":"scroll","background-type":"","background-media":"","overlay-type":"","overlay-color":"","overlay-opacity":"","overlay-gradient":""}},"ast-content-background-meta":{"desktop":{"background-color":"var(--ast-global-color-5)","background-image":"","background-repeat":"repeat","background-position":"center center","background-size":"auto","background-attachment":"scroll","background-type":"","background-media":"","overlay-type":"","overlay-color":"","overlay-opacity":"","overlay-gradient":""},"tablet":{"background-color":"var(--ast-global-color-5)","background-image":"","background-repeat":"repeat","background-position":"center center","background-size":"auto","background-attachment":"scroll","background-type":"","background-media":"","overlay-type":"","overlay-color":"","overlay-opacity":"","overlay-gradient":""},"mobile":{"background-color":"var(--ast-global-color-5)","background-image":"","background-repeat":"repeat","background-position":"center center","background-size":"auto","background-attachment":"scroll","background-type":"","background-media":"","overlay-type":"","overlay-color":"","overlay-opacity":"","overlay-gradient":""}},"footnotes":""},"class_list":["post-38","page","type-page","status-publish","hentry"],"_links":{"self":[{"href":"https:\/\/pm-tremmel.de\/index.php\/wp-json\/wp\/v2\/pages\/38","targetHints":{"allow":["GET"]}}],"collection":[{"href":"https:\/\/pm-tremmel.de\/index.php\/wp-json\/wp\/v2\/pages"}],"about":[{"href":"https:\/\/pm-tremmel.de\/index.php\/wp-json\/wp\/v2\/types\/page"}],"author":[{"embeddable":true,"href":"https:\/\/pm-tremmel.de\/index.php\/wp-json\/wp\/v2\/users\/2"}],"replies":[{"embeddable":true,"href":"https:\/\/pm-tremmel.de\/index.php\/wp-json\/wp\/v2\/comments?post=38"}],"version-history":[{"count":1,"href":"https:\/\/pm-tremmel.de\/index.php\/wp-json\/wp\/v2\/pages\/38\/revisions"}],"predecessor-version":[{"id":39,"href":"https:\/\/pm-tremmel.de\/index.php\/wp-json\/wp\/v2\/pages\/38\/revisions\/39"}],"wp:attachment":[{"href":"https:\/\/pm-tremmel.de\/index.php\/wp-json\/wp\/v2\/media?parent=38"}],"curies":[{"name":"wp","href":"https:\/\/api.w.org\/{rel}","templated":true}]}}