{"id":67,"date":"2023-08-14T15:07:27","date_gmt":"2023-08-14T13:07:27","guid":{"rendered":"http:\/\/pm-tremmel.de\/index.php\/agb\/"},"modified":"2023-08-22T20:51:58","modified_gmt":"2023-08-22T18:51:58","slug":"agb","status":"publish","type":"page","link":"https:\/\/pm-tremmel.de\/index.php\/agb\/","title":{"rendered":"AGB"},"content":{"rendered":"\n<p><strong>Allgemeine Gesch\u00e4ftsbedingungen \/ AGB\u00b4s<br><br><\/strong><strong>1. Geltungsbereich<br><\/strong>F\u00fcr alle Bestellungen \u00fcber unseren Online-Shop gelten die nachfolgenden AGB.&nbsp;<\/p>\n\n\n\n<p><strong>2. Vertragspartner, Vertragsschluss<\/strong><br>Der Kaufvertrag kommt zustande mit Print-Manufaktur Tremmel, Inhaber: Manuela Tremmel, Ramungstr. 18, 81373 M\u00fcnchen.<\/p>\n\n\n\n<p>Mit Einstellung der Produkte in den Online-Shop geben wir ein verbindliches Angebot zum Vertragsschluss \u00fcber diese Artikel ab. Der Vertrag kommt zustande, indem Sie durch Anklicken des Bestellbuttons das Angebot \u00fcber die im Warenkorb enthaltenen Waren annehmen. Unmittelbar nach dem Absenden der Bestellung erhalten Sie noch einmal eine Best\u00e4tigung per E-Mail.<\/p>\n\n\n\n<p>Ein bindender Vertrag kann auch bereits zuvor wie folgt zustande kommen:<\/p>\n\n\n\n<p>Wenn Sie die Zahlungsart PayPal gew\u00e4hlt haben, kommt der Vertrag zum Zeitpunkt Ihrer Best\u00e4tigung der Zahlungsanweisung an PayPal zustande.<\/p>\n\n\n\n<p>Wenn Sie die Zahlungsart Sofort\u00fcberweisung gew\u00e4hlt haben, kommt der Vertrag zum Zeitpunkt der Best\u00e4tigung der Zahlungsanweisung an die SOFORT AG zustande.&nbsp;<\/p>\n\n\n\n<p><strong>3. Verhaltenskodex<\/strong><br>Folgenden Verhaltenskodizes haben wir uns unterworfen:<br>Trusted Shops<br>Weitere Informationen finden Sie unter&nbsp;<a href=\"http:\/\/www.trustedshops.de\/\" target=\"_blank\" rel=\"noreferrer noopener\">www.trustedshops.de<\/a><\/p>\n\n\n\n<p><strong>4. Versandkosten<br><\/strong>Zuz\u00fcglich zu den angegebenen Produktpreisen kommen noch Versandkosten hinzu. N\u00e4heres zur H\u00f6he der Versandkosten erfahren Sie unter&nbsp;<a href=\"https:\/\/www.print-manufaktur-tremmel.com\/versand-und-zahlungsbedingungen\">Versand und Zahlungsbedingungen<\/a>&nbsp;&nbsp;<\/p>\n\n\n\n<p><strong>5. Bezahlung<\/strong><br>In unserem Shop stehen Ihnen die folgenden Zahlungsarten zur Verf\u00fcgung:<\/p>\n\n\n\n<p><strong>Vorkasse<\/strong><br>Bei Auswahl der Zahlungsart Vorkasse nennen wir Ihnen unsere Bankverbindung in der Auftragsbest\u00e4tigung und liefern die Ware nach Zahlungseingang.<\/p>\n\n\n\n<p><strong>Paypal<\/strong><br>Sie bezahlen den Rechnungsbetrag \u00fcber den Online-Anbieter Paypal. Sie m\u00fcssen grunds\u00e4tzlich dort registriert sein bzw. sich erst registrieren, mit Ihren Zugangsdaten legitimieren und die Zahlungsanweisung an uns best\u00e4tigen (Ausnahme ggf. Gastzugang). Weitere Hinweise erhalten Sie beim Bestellvorgang.<br>Zahlen sie bequem mit Ihrer Kreditkarte, auch ohne Anmeldung bei PayPal.<\/p>\n\n\n\n<p><strong>Sofort\u00fcberweisung<\/strong><br>Wir bieten auch Sofort\u00fcberweisung an. Dabei erhalten wir die \u00dcberweisungsgutschrift unmittelbar. Hierdurch beschleunigt sich der gesamte Bestellvorgang. Sie ben\u00f6tigen hierf\u00fcr lediglich Kontonummer, Bankleitzahl, PIN und TAN. \u00dcber das gesicherte, f\u00fcr H\u00e4ndler nicht zug\u00e4ngliche Zahlformular der Sofort AG stellt Sofort\u00fcberweisung automatisiert und in Echtzeit eine \u00dcberweisung in Ihrem Online-Bankkonto ein. Der Kaufbetrag wird dabei sofort und direkt an das Bankkonto des H\u00e4ndlers \u00fcberwiesen. Bei Wahl der Zahlungsart Sofort\u00fcberweisung \u00f6ffnet sich am Ende des Bestellvorgangs ein vorausgef\u00fclltes Formular. Dieses enth\u00e4lt bereits unsere Bankverbindung. Dar\u00fcber hinaus werden in dem Formular bereits der \u00dcberweisungsbetrag und der Verwendungszweck angezeigt. Sie m\u00fcssen nun das Land ausw\u00e4hlen, in dem Sie Ihr Online-Banking-Konto haben und die Bankleitzahl eingeben. Dann geben Sie die gleichen Daten, wie bei Anmeldung zum Online-Banking ein (Kontonummer und PIN). Best\u00e4tigen Sie Ihre Bestellung durch Eingabe der TAN. Direkt im Anschluss erhalten Sie die Transaktion best\u00e4tigt. Grunds\u00e4tzlich kann jeder Internetnutzer die Sofort\u00fcberweisung als Zahlungsart nutzen, wenn er \u00fcber ein freigeschaltetes Online-Banking-Konto mit PIN\/TAN-Verfahren verf\u00fcgt. Bitte beachten Sie, dass bei einigen wenigen Banken die Sofort\u00fcberweisung noch nicht verf\u00fcgbar ist.&nbsp;N\u00e4here Informationen, ob Ihre Bank diesen Dienst unterst\u00fctzt erhalten Sie hier:&nbsp;<a href=\"https:\/\/www.sofort.com\/ger-DE\/general\/fuer-kaeufer\/fragen-und-antworten\/\">https:\/\/www.sofort.com\/ger-DE\/general\/fuer-kaeufer\/fragen-und-antworten\/<\/a><\/p>\n\n\n\n<p><strong>6. Selbstabholung<br><\/strong>Eine Selbstabholung ist&nbsp;m\u00f6glich.<\/p>\n\n\n\n<p><strong>7. Eigentumsvorbehalt&nbsp;<br><\/strong>Die Ware bleibt bis zur vollst\u00e4ndigen Bezahlung unser Eigentum.<\/p>\n\n\n\n<p><strong>8. Transportsch\u00e4den<\/strong><br>Werden Waren mit offensichtlichen Transportsch\u00e4den angeliefert, so reklamieren Sie solche Fehler bitte m\u00f6glichst sofort beim Zusteller und nehmen Sie bitte unverz\u00fcglich Kontakt zu uns auf. Die Vers\u00e4umung einer Reklamation oder Kontaktaufnahme hat f\u00fcr Ihre gesetzlichen Anspr\u00fcche und deren Durchsetzung, insbesondere Ihre Gew\u00e4hrleistungsrechte keinerlei Konsequenzen. Sie helfen uns aber, unsere eigenen Anspr\u00fcche gegen\u00fcber dem Frachtf\u00fchrer bzw. Transportversicherung geltend machen zu k\u00f6nnen.<\/p>\n\n\n\n<p><strong>9. Vertragstextspeicherung<\/strong><br>Wir speichern den Vertragstext und senden Ihnen die Bestelldaten und unsere AGB per E-Mail zu. Die AGB k\u00f6nnen Sie jederzeit auch hier auf dieser Seite einsehen. Ihre vergangenen Bestellungen sind aus Sicherheitsgr\u00fcnden nicht mehr \u00fcber das Internet zug\u00e4nglich.<\/p>\n\n\n\n<p><strong>10. Vertragssprache<\/strong><br>Die f\u00fcr den Vertragsschluss zur Verf\u00fcgung stehende Sprache ist Deutsch.<\/p>\n\n\n\n<p><strong>Print-Manufaktur Tremmel auf Facebook:<\/strong><br><a href=\"https:\/\/m.facebook.com\/Print.Manufaktur.Tremmel\/\" target=\"_blank\" rel=\"noreferrer noopener\">https:\/\/m.facebook.com\/Print.Manufaktur.Tremmel\/<\/a><\/p>\n","protected":false},"excerpt":{"rendered":"<p>Allgemeine Gesch\u00e4ftsbedingungen \/ AGB\u00b4s 1. GeltungsbereichF\u00fcr alle Bestellungen \u00fcber unseren Online-Shop gelten die nachfolgenden AGB.&nbsp; 2. Vertragspartner, VertragsschlussDer Kaufvertrag kommt zustande mit Print-Manufaktur Tremmel, Inhaber: Manuela Tremmel, Ramungstr. 18, 81373 M\u00fcnchen. Mit Einstellung der Produkte in den Online-Shop geben wir ein verbindliches Angebot zum Vertragsschluss \u00fcber diese Artikel ab. Der Vertrag kommt zustande, indem Sie [&hellip;]<\/p>\n","protected":false},"author":1,"featured_media":0,"parent":0,"menu_order":0,"comment_status":"closed","ping_status":"closed","template":"","meta":{"site-sidebar-layout":"default","site-content-layout":"","ast-site-content-layout":"","site-content-style":"default","site-sidebar-style":"default","ast-global-header-display":"","ast-banner-title-visibility":"","ast-main-header-display":"","ast-hfb-above-header-display":"","ast-hfb-below-header-display":"","ast-hfb-mobile-header-display":"","site-post-title":"","ast-breadcrumbs-content":"","ast-featured-img":"","footer-sml-layout":"","theme-transparent-header-meta":"","adv-header-id-meta":"","stick-header-meta":"","header-above-stick-meta":"","header-main-stick-meta":"","header-below-stick-meta":"","astra-migrate-meta-layouts":"default","ast-page-background-enabled":"default","ast-page-background-meta":{"desktop":{"background-color":"var(--ast-global-color-4)","background-image":"","background-repeat":"repeat","background-position":"center center","background-size":"auto","background-attachment":"scroll","background-type":"","background-media":"","overlay-type":"","overlay-color":"","overlay-opacity":"","overlay-gradient":""},"tablet":{"background-color":"","background-image":"","background-repeat":"repeat","background-position":"center center","background-size":"auto","background-attachment":"scroll","background-type":"","background-media":"","overlay-type":"","overlay-color":"","overlay-opacity":"","overlay-gradient":""},"mobile":{"background-color":"","background-image":"","background-repeat":"repeat","background-position":"center center","background-size":"auto","background-attachment":"scroll","background-type":"","background-media":"","overlay-type":"","overlay-color":"","overlay-opacity":"","overlay-gradient":""}},"ast-content-background-meta":{"desktop":{"background-color":"var(--ast-global-color-5)","background-image":"","background-repeat":"repeat","background-position":"center center","background-size":"auto","background-attachment":"scroll","background-type":"","background-media":"","overlay-type":"","overlay-color":"","overlay-opacity":"","overlay-gradient":""},"tablet":{"background-color":"var(--ast-global-color-5)","background-image":"","background-repeat":"repeat","background-position":"center center","background-size":"auto","background-attachment":"scroll","background-type":"","background-media":"","overlay-type":"","overlay-color":"","overlay-opacity":"","overlay-gradient":""},"mobile":{"background-color":"var(--ast-global-color-5)","background-image":"","background-repeat":"repeat","background-position":"center center","background-size":"auto","background-attachment":"scroll","background-type":"","background-media":"","overlay-type":"","overlay-color":"","overlay-opacity":"","overlay-gradient":""}},"footnotes":""},"class_list":["post-67","page","type-page","status-publish","hentry"],"_links":{"self":[{"href":"https:\/\/pm-tremmel.de\/index.php\/wp-json\/wp\/v2\/pages\/67","targetHints":{"allow":["GET"]}}],"collection":[{"href":"https:\/\/pm-tremmel.de\/index.php\/wp-json\/wp\/v2\/pages"}],"about":[{"href":"https:\/\/pm-tremmel.de\/index.php\/wp-json\/wp\/v2\/types\/page"}],"author":[{"embeddable":true,"href":"https:\/\/pm-tremmel.de\/index.php\/wp-json\/wp\/v2\/users\/1"}],"replies":[{"embeddable":true,"href":"https:\/\/pm-tremmel.de\/index.php\/wp-json\/wp\/v2\/comments?post=67"}],"version-history":[{"count":1,"href":"https:\/\/pm-tremmel.de\/index.php\/wp-json\/wp\/v2\/pages\/67\/revisions"}],"predecessor-version":[{"id":162,"href":"https:\/\/pm-tremmel.de\/index.php\/wp-json\/wp\/v2\/pages\/67\/revisions\/162"}],"wp:attachment":[{"href":"https:\/\/pm-tremmel.de\/index.php\/wp-json\/wp\/v2\/media?parent=67"}],"curies":[{"name":"wp","href":"https:\/\/api.w.org\/{rel}","templated":true}]}}